{"id":2523,"date":"2016-02-02T05:56:32","date_gmt":"2016-02-02T03:56:32","guid":{"rendered":"http:\/\/cominco-oltenia.ro\/ro\/?page_id=2523"},"modified":"2017-02-05T11:57:23","modified_gmt":"2017-02-05T09:57:23","slug":"proiecte","status":"publish","type":"page","link":"https:\/\/cominco.ro\/ro\/proiecte\/","title":{"rendered":"Proiecte"},"content":{"rendered":"<h1>Proiecte realizate<\/h1>\n<p>Cominco Oltenia este specializat\u0103 \u00een execu\u021bia lucr\u0103rilor civile, industriale, hidrotehnice, drumuri, poduri precum \u0219i alte categorii de lucr\u0103ri.<\/p>\n<p style=\"color: #3b4590;\"><strong>PROIECTE DERULATE \u00ceN ULTIMA PERIOADA<\/strong><\/p>\n<p>Extinderea \u0219i reabilitarea infrastructurii de ap\u0103 \u0219i ap\u0103 uzat\u0103 \u00een jude\u0163ul V\u00e2lcea:<span style=\"color: #3b4590;\">\u201eCL-2- STA\u0162IE DE EPURARE A APELOR UZATE DIN ORA\u015eUL B\u0102BENI\u201d\u201eVL CL-4-CONSTRUIRE STA\u0162IE DE EPURARE APE UZATE NOU\u0102 \u00ceN C\u0102LIM\u0102NE\u015eTI\u201d<\/span><br \/>\nLucr\u0103ri de construc\u021bii &#8211; montaj \u0219i dot\u0103ri \u00een cadrul proiectului<span style=\"color: #3b4590;\">\u201cCENTRUL PENTRU SPORT, AGREMENT SI SPA\u201d<\/span> \u00een com. M\u0103ciuca , sat Oveselu, jud. V\u00e2lceaCre\u0219terea capacit\u0103\u021bii RTR de a dezvolta vehicule noi, inovative \u0219i competitive,<span style=\"color: #3b4590;\">\u201eHALA TESTARE MOTOARE\u201d \u0219i \u201eHALA TESTARE AUTOVEHICULE\u201d \u2013CT TITU<\/span>(derulat prin Programul Opera\u021bional Sectorial \u201cCre\u0219terea Capacit\u0103\u021bii Economice\u201d 2007-2013, Axa Prioritara 1- \u201cUn sistem inovativ \u0219i ecoeficient de produc\u021bie\u201c Domeniul major de interven\u021bie 1.3 \u201dDezvoltarea durabil\u0103 a antreprenoriatului\u201d\u00a0 Opera\u021biunea 1.31. \u201cDezvoltarea structurilor de sprijin al afacerilor de interes na\u021bional \u0219i interna\u021bional\u201d)<br \/>\nCresterea capacitatii RTR de a dezvolta vehicule noi, inovative si competitive<span style=\"color: #3b4590;\">\u201e EXTINDERE HALA TESTARE AUTOVEHICULE\u201d- CT TITU<\/span>(derulat prin Programul Opera\u021bional Sectorial \u201cCre\u0219terea Capacit\u0103\u021bii Economice\u201d 2007-2013, \u00a0Axa Prioritar\u0103 1- \u201cUn sitem inovativ \u0219i ecoeficient de produc\u021bie\u201c Domeniul major de interven\u021bie 1.3 \u201dDezvoltarea durabil\u0103 a antreprenoriatului\u201d \u00a0Opera\u021biunea 1.31. \u201cDezvoltarea structurilor de sprijin al afacerilor de interes na\u021bional \u0219i interna\u021bional\u201d)<\/p>\n<table border=\"0\" cellspacing=\"0\" cellpadding=\"0\">\n<tbody>\n<tr align=\"center\" valign=\"top\">\n<td class=\"chenar\"><span class=\"ari12\"><strong>Constructii civile<\/strong><\/span><br \/>\n<img decoding=\"async\" loading=\"lazy\" src=\"http:\/\/www.cominco-oltenia.ro\/img\/c-civile.jpg\" alt=\"\" width=\"194\" height=\"146\" border=\"0\" \/><\/td>\n<td width=\"12\"><\/td>\n<td class=\"chenar\"><span class=\"ari12\"><strong>Constructii industriale<\/strong><\/span><br \/>\n<img decoding=\"async\" loading=\"lazy\" src=\"http:\/\/www.cominco-oltenia.ro\/img\/c-industriale.jpg\" alt=\"\" width=\"194\" height=\"146\" border=\"0\" \/><\/td>\n<td width=\"12\"><\/td>\n<td class=\"chenar\"><span class=\"ari12\"><strong>Lucrari hidrotehnice<\/strong><\/span><br \/>\n<img decoding=\"async\" loading=\"lazy\" src=\"http:\/\/www.cominco-oltenia.ro\/img\/c-hidrotehnice.jpg\" alt=\"\" width=\"194\" height=\"146\" border=\"0\" \/><\/td>\n<\/tr>\n<tr>\n<td colspan=\"5\"><\/td>\n<\/tr>\n<tr align=\"center\" valign=\"top\">\n<td class=\"chenar\"><span class=\"ari12\"><strong>Drumuri si poduri<\/strong><\/span><br \/>\n<img decoding=\"async\" loading=\"lazy\" src=\"http:\/\/www.cominco-oltenia.ro\/img\/c-drumuri-poduri.jpg\" alt=\"\" width=\"194\" height=\"146\" border=\"0\" \/><\/td>\n<td width=\"12\"><\/td>\n<td class=\"chenar\"><span class=\"ari12\"><strong>Lucrari in strainatate<\/strong><\/span><br \/>\n<img decoding=\"async\" loading=\"lazy\" src=\"http:\/\/www.cominco-oltenia.ro\/img\/c-strainatate.jpg\" alt=\"\" width=\"194\" height=\"146\" border=\"0\" \/><\/td>\n<td width=\"12\"><\/td>\n<td class=\"chenar\"><span class=\"ari12\"><strong>Alte lucrari<\/strong><\/span><br \/>\n<img decoding=\"async\" loading=\"lazy\" src=\"http:\/\/www.cominco-oltenia.ro\/img\/c-diverse.jpg\" alt=\"\" width=\"194\" height=\"146\" border=\"0\" \/><\/td>\n<\/tr>\n<\/tbody>\n<\/table>\n","protected":false},"excerpt":{"rendered":"<p>Proiecte realizate Cominco Oltenia este specializat\u0103 \u00een execu\u021bia lucr\u0103rilor civile, industriale, hidrotehnice, drumuri, poduri precum \u0219i alte categorii de lucr\u0103ri. PROIECTE &#8230;<\/p>\n","protected":false},"author":1,"featured_media":0,"parent":0,"menu_order":0,"comment_status":"closed","ping_status":"closed","template":"","meta":[],"_links":{"self":[{"href":"https:\/\/cominco.ro\/ro\/wp-json\/wp\/v2\/pages\/2523"}],"collection":[{"href":"https:\/\/cominco.ro\/ro\/wp-json\/wp\/v2\/pages"}],"about":[{"href":"https:\/\/cominco.ro\/ro\/wp-json\/wp\/v2\/types\/page"}],"author":[{"embeddable":true,"href":"https:\/\/cominco.ro\/ro\/wp-json\/wp\/v2\/users\/1"}],"replies":[{"embeddable":true,"href":"https:\/\/cominco.ro\/ro\/wp-json\/wp\/v2\/comments?post=2523"}],"version-history":[{"count":24,"href":"https:\/\/cominco.ro\/ro\/wp-json\/wp\/v2\/pages\/2523\/revisions"}],"predecessor-version":[{"id":2727,"href":"https:\/\/cominco.ro\/ro\/wp-json\/wp\/v2\/pages\/2523\/revisions\/2727"}],"wp:attachment":[{"href":"https:\/\/cominco.ro\/ro\/wp-json\/wp\/v2\/media?parent=2523"}],"curies":[{"name":"wp","href":"https:\/\/api.w.org\/{rel}","templated":true}]}}